{"id":9798,"date":"2022-11-11T13:00:21","date_gmt":"2022-11-11T12:00:21","guid":{"rendered":"https:\/\/kaapskil.nl\/?page_id=9798"},"modified":"2022-11-10T16:55:59","modified_gmt":"2022-11-10T15:55:59","slug":"bucheinband-aus-dem-palmholzwrack","status":"publish","type":"page","link":"https:\/\/kaapskil.nl\/de\/entdecken\/prunkstucke\/bucheinband-aus-dem-palmholzwrack\/","title":{"rendered":"Bucheinband aus dem  Palmholzwrack"},"content":{"rendered":"<p><strong><img loading=\"lazy\" decoding=\"async\" class=\"alignright wp-image-11004 size-full\" src=\"https:\/\/kaapskil.nl\/wp-content\/uploads\/2022\/11\/Boekband-met-goudstempel-van-het-Huis-van-Stuart-c-Provincie-Noord-Holland-ws.jpg\" alt=\"\" width=\"640\" height=\"440\" srcset=\"https:\/\/kaapskil.nl\/wp-content\/uploads\/2022\/11\/Boekband-met-goudstempel-van-het-Huis-van-Stuart-c-Provincie-Noord-Holland-ws.jpg 640w, https:\/\/kaapskil.nl\/wp-content\/uploads\/2022\/11\/Boekband-met-goudstempel-van-het-Huis-van-Stuart-c-Provincie-Noord-Holland-ws-300x206.jpg 300w, https:\/\/kaapskil.nl\/wp-content\/uploads\/2022\/11\/Boekband-met-goudstempel-van-het-Huis-van-Stuart-c-Provincie-Noord-Holland-ws-100x69.jpg 100w\" sizes=\"auto, (max-width: 640px) 100vw, 640px\" \/>Im <a href=\"https:\/\/kaapskil.nl\/de\/das-palmholzwrack\/\" target=\"_blank\" rel=\"noopener\">Palmholzwrack<\/a> wurden zwei Schiffskisten mit mindestens 32 Bucheinb\u00e4nden gefunden. Es handelte sich haupts\u00e4chlich um gro\u00dfe Ledereinb\u00e4nde, die mit verschiedenen (vergoldeten) Verzierungen versehen waren. Die Kisten enthielten auch verschiedene Verschl\u00fcsse f\u00fcr andere B\u00fccher. M\u00f6glicherweise handelte es sich um eine gro\u00dfe Bibliothek mit teuren B\u00fcchern. Einer der auff\u00e4lligsten Einb\u00e4nde war ein Kalbsleder-Einband mit einem k\u00f6niglichen Siegel.<\/strong><\/p>\n<h2>K\u00f6nige von England, Irland und Schottland<\/h2>\n<p>Der Stempel zeigt das Wappen des schottischen K\u00f6nigshauses Stuart. Die Stuarts stellten schon seit dem Mittelalter die K\u00f6nige von Schottland. Zu Beginn des siebzehnten Jahrhunderts wurde K\u00f6nig Jakob VI. von Schottland auch K\u00f6nig von England und Irland. Alle diese L\u00e4nder sind auf den vier Seiten des gekr\u00f6nten Schildes abgebildet, beginnend oben rechts: der aufsteigende L\u00f6we Schottlands, vier kleinere Schilde der englischen Krone mit zweimal drei englischen L\u00f6wen und zweimal drei franz\u00f6sischen Lilien, die Harfe Irlands und schlie\u00dflich wieder das Wappen Englands. Es tr\u00e4gt auch das altfranz\u00f6sische Motto des englischen Hosenbandordens: <em>Honi soit qui mal y pense<\/em> (Schande \u00fcber den, der B\u00f6ses denkt).<\/p>\n<h2>Spekulationen<\/h2>\n<p>Dank des gut erkennbaren Wappens der englischen K\u00f6nigsfamilie wurde bald eine Verbindung zwischen dem Palmholzwrack und England hergestellt. K\u00f6nnte die gesamte Sammlung reicher Gegenst\u00e4nde und Kleidungsst\u00fccke aus England stammen? K\u00f6nnte dieses Buch vielleicht aus der k\u00f6niglichen Bibliothek in London stammen? Und h\u00e4tte man <a href=\"https:\/\/kaapskil.nl\/de\/entdecken\/prunkstucke\/das-kleid\/\" target=\"_blank\" rel=\"noopener\">das Kleid<\/a> am Hof der Stuarts getragen?<\/p>\n<h2>Handelseinband<\/h2>\n<p>Die Untersuchung des Einbands hat ergeben, dass es sich um einen &#8220;Handelseinband&#8221; handelt: einen Bucheinband f\u00fcr den privaten Verkauf. Zwei weitere B\u00fccher mit demselben Stempel wurden in Bibliotheken in Cambridge gefunden. Wie dieser Bucheinband wurden auch die Einb\u00e4nde wahrscheinlich um 1620 in London hergestellt. Es gibt keinen Grund zu der Annahme, dass sie jemals am englischen Hof waren.<\/p>\n<h2>B\u00fcchersammler<\/h2>\n<p>Weitere Untersuchungen der \u00fcbrigen Bucheinb\u00e4nde machen die Herkunft des Schiffes noch undeutlicher. Das liegt daran, dass die Bibliothek sehr international ist. Neben diesem englischen Einband wurden auch franz\u00f6sische, fl\u00e4mische, deutsche, Amsterdamer und sogar polnische Bucheinb\u00e4nde identifiziert. Viele teure Einb\u00e4nde wurden im sechzehnten Jahrhundert hergestellt, einige zu Beginn des siebzehnten. K\u00f6nnte es sich um eine antike B\u00fcchersammlung eines sehr wohlhabenden B\u00fccherliebhabers handeln?<\/p>\n<p><em>NB: Die Sammlung wird immer noch erforscht. Dieser Artikel kann dadurch veraltete Informationen oder \u00fcberholte Erkenntnisse enthalten.<\/em><\/p>\n","protected":false},"excerpt":{"rendered":"<p>Im Palmholzwrack wurden zwei Schiffskisten mit mindestens 32 Bucheinb\u00e4nden gefunden. Es handelte sich haupts\u00e4chlich um gro\u00dfe Ledereinb\u00e4nde, die mit verschiedenen (vergoldeten) Verzierungen versehen waren. Die Kisten enthielten auch verschiedene Verschl\u00fcsse f\u00fcr andere B\u00fccher. M\u00f6glicherweise handelte es sich um eine gro\u00dfe Bibliothek mit teuren B\u00fcchern. Einer der auff\u00e4lligsten Einb\u00e4nde war ein Kalbsleder-Einband mit einem k\u00f6niglichen Siegel.<\/p>\n","protected":false},"author":16,"featured_media":9793,"parent":659,"menu_order":50,"comment_status":"closed","ping_status":"closed","template":"page-templates\/museum-highlight.php","meta":{"_acf_changed":false,"footnotes":""},"categories":[1],"tags":[44],"class_list":["post-9798","page","type-page","status-publish","has-post-thumbnail","hentry","category-geen-onderdeel-van-een-categorie","tag-palmholzwrack"],"acf":[],"yoast_head":"<!-- This site is optimized with the Yoast SEO plugin v27.6 - https:\/\/yoast.com\/product\/yoast-seo-wordpress\/ -->\n<title>Bucheinband aus dem Palmholzwrack - Museum Kaap Skil<\/title>\n<meta name=\"description\" content=\"Im Palmholzwrack wurden zwei Schiffskisten mit mindestens 32 Bucheinb\u00e4nden gefunden. Es handelte sich haupts\u00e4chlich um gro\u00dfe Ledereinb\u00e4nde, die mit verschiedenen (vergoldeten) Verzierungen versehen waren. Die Kisten enthielten auch verschiedene Verschl\u00fcsse f\u00fcr andere B\u00fccher. M\u00f6glicherweise handelte es sich um eine gro\u00dfe Bibliothek mit teuren B\u00fcchern. Einer der auff\u00e4lligsten Einb\u00e4nde war ein Kalbsleder-Einband mit einem k\u00f6niglichen Siegel.\" \/>\n<meta name=\"robots\" content=\"index, follow, max-snippet:-1, max-image-preview:large, max-video-preview:-1\" \/>\n<link rel=\"canonical\" href=\"https:\/\/kaapskil.nl\/?page_id=9782\" \/>\n<meta property=\"og:locale\" content=\"de_DE\" \/>\n<meta property=\"og:type\" content=\"article\" \/>\n<meta property=\"og:title\" content=\"Bucheinband aus dem Palmholzwrack - Museum Kaap Skil\" \/>\n<meta property=\"og:description\" content=\"Im Palmholzwrack wurden zwei Schiffskisten mit mindestens 32 Bucheinb\u00e4nden gefunden. Es handelte sich haupts\u00e4chlich um gro\u00dfe Ledereinb\u00e4nde, die mit verschiedenen (vergoldeten) Verzierungen versehen waren. Die Kisten enthielten auch verschiedene Verschl\u00fcsse f\u00fcr andere B\u00fccher. M\u00f6glicherweise handelte es sich um eine gro\u00dfe Bibliothek mit teuren B\u00fcchern. Einer der auff\u00e4lligsten Einb\u00e4nde war ein Kalbsleder-Einband mit einem k\u00f6niglichen Siegel.\" \/>\n<meta property=\"og:url\" content=\"https:\/\/kaapskil.nl\/?page_id=9782\" \/>\n<meta property=\"og:site_name\" content=\"Museum Kaap Skil\" \/>\n<meta property=\"og:image\" content=\"https:\/\/kaapskil.nl\/wp-content\/uploads\/2022\/07\/Objecten-Boekband-met-goudstempel-van-het-Huis-van-Stuart-c-Provincie-Noord-Holland-header.jpg\" \/>\n\t<meta property=\"og:image:width\" content=\"1750\" \/>\n\t<meta property=\"og:image:height\" content=\"880\" \/>\n\t<meta property=\"og:image:type\" content=\"image\/jpeg\" \/>\n<meta name=\"twitter:card\" content=\"summary_large_image\" \/>\n<meta name=\"twitter:label1\" content=\"Est. reading time\" \/>\n\t<meta name=\"twitter:data1\" content=\"2 minutes\" \/>\n<script type=\"application\/ld+json\" class=\"yoast-schema-graph\">{\"@context\":\"https:\\\/\\\/schema.org\",\"@graph\":[{\"@type\":\"WebPage\",\"@id\":\"https:\\\/\\\/kaapskil.nl\\\/?page_id=9782\",\"url\":\"https:\\\/\\\/kaapskil.nl\\\/?page_id=9782\",\"name\":\"Bucheinband aus dem Palmholzwrack - Museum Kaap Skil\",\"isPartOf\":{\"@id\":\"https:\\\/\\\/kaapskil.nl\\\/#website\"},\"primaryImageOfPage\":{\"@id\":\"https:\\\/\\\/kaapskil.nl\\\/?page_id=9782#primaryimage\"},\"image\":{\"@id\":\"https:\\\/\\\/kaapskil.nl\\\/?page_id=9782#primaryimage\"},\"thumbnailUrl\":\"https:\\\/\\\/kaapskil.nl\\\/wp-content\\\/uploads\\\/2022\\\/07\\\/Objecten-Boekband-met-goudstempel-van-het-Huis-van-Stuart-c-Provincie-Noord-Holland-header.jpg\",\"datePublished\":\"2022-11-11T12:00:21+00:00\",\"description\":\"Im Palmholzwrack wurden zwei Schiffskisten mit mindestens 32 Bucheinb\u00e4nden gefunden. Es handelte sich haupts\u00e4chlich um gro\u00dfe Ledereinb\u00e4nde, die mit verschiedenen (vergoldeten) Verzierungen versehen waren. Die Kisten enthielten auch verschiedene Verschl\u00fcsse f\u00fcr andere B\u00fccher. M\u00f6glicherweise handelte es sich um eine gro\u00dfe Bibliothek mit teuren B\u00fcchern. Einer der auff\u00e4lligsten Einb\u00e4nde war ein Kalbsleder-Einband mit einem k\u00f6niglichen Siegel.\",\"breadcrumb\":{\"@id\":\"https:\\\/\\\/kaapskil.nl\\\/?page_id=9782#breadcrumb\"},\"inLanguage\":\"de-DE\",\"potentialAction\":[{\"@type\":\"ReadAction\",\"target\":[\"https:\\\/\\\/kaapskil.nl\\\/?page_id=9782\"]}]},{\"@type\":\"ImageObject\",\"inLanguage\":\"de-DE\",\"@id\":\"https:\\\/\\\/kaapskil.nl\\\/?page_id=9782#primaryimage\",\"url\":\"https:\\\/\\\/kaapskil.nl\\\/wp-content\\\/uploads\\\/2022\\\/07\\\/Objecten-Boekband-met-goudstempel-van-het-Huis-van-Stuart-c-Provincie-Noord-Holland-header.jpg\",\"contentUrl\":\"https:\\\/\\\/kaapskil.nl\\\/wp-content\\\/uploads\\\/2022\\\/07\\\/Objecten-Boekband-met-goudstempel-van-het-Huis-van-Stuart-c-Provincie-Noord-Holland-header.jpg\",\"width\":1750,\"height\":880,\"caption\":\"Boekband met goudstempel van het Huis van Stuart\"},{\"@type\":\"BreadcrumbList\",\"@id\":\"https:\\\/\\\/kaapskil.nl\\\/?page_id=9782#breadcrumb\",\"itemListElement\":[{\"@type\":\"ListItem\",\"position\":1,\"name\":\"Home\",\"item\":\"https:\\\/\\\/kaapskil.nl\\\/de\\\/\"},{\"@type\":\"ListItem\",\"position\":2,\"name\":\"Entdecken\",\"item\":\"https:\\\/\\\/kaapskil.nl\\\/de\\\/entdecken\\\/\"},{\"@type\":\"ListItem\",\"position\":3,\"name\":\"Prunkst\u00fccke\",\"item\":\"https:\\\/\\\/kaapskil.nl\\\/de\\\/entdecken\\\/prunkstucke\\\/\"},{\"@type\":\"ListItem\",\"position\":4,\"name\":\"Bucheinband aus dem Palmholzwrack\"}]},{\"@type\":\"WebSite\",\"@id\":\"https:\\\/\\\/kaapskil.nl\\\/#website\",\"url\":\"https:\\\/\\\/kaapskil.nl\\\/\",\"name\":\"Museum Kaap Skil\",\"description\":\"Stichting Texels Museum\",\"potentialAction\":[{\"@type\":\"SearchAction\",\"target\":{\"@type\":\"EntryPoint\",\"urlTemplate\":\"https:\\\/\\\/kaapskil.nl\\\/?s={search_term_string}\"},\"query-input\":{\"@type\":\"PropertyValueSpecification\",\"valueRequired\":true,\"valueName\":\"search_term_string\"}}],\"inLanguage\":\"de-DE\"}]}<\/script>\n<!-- \/ Yoast SEO plugin. -->","yoast_head_json":{"title":"Bucheinband aus dem Palmholzwrack - Museum Kaap Skil","description":"Im Palmholzwrack wurden zwei Schiffskisten mit mindestens 32 Bucheinb\u00e4nden gefunden. Es handelte sich haupts\u00e4chlich um gro\u00dfe Ledereinb\u00e4nde, die mit verschiedenen (vergoldeten) Verzierungen versehen waren. Die Kisten enthielten auch verschiedene Verschl\u00fcsse f\u00fcr andere B\u00fccher. M\u00f6glicherweise handelte es sich um eine gro\u00dfe Bibliothek mit teuren B\u00fcchern. Einer der auff\u00e4lligsten Einb\u00e4nde war ein Kalbsleder-Einband mit einem k\u00f6niglichen Siegel.","robots":{"index":"index","follow":"follow","max-snippet":"max-snippet:-1","max-image-preview":"max-image-preview:large","max-video-preview":"max-video-preview:-1"},"canonical":"https:\/\/kaapskil.nl\/?page_id=9782","og_locale":"de_DE","og_type":"article","og_title":"Bucheinband aus dem Palmholzwrack - Museum Kaap Skil","og_description":"Im Palmholzwrack wurden zwei Schiffskisten mit mindestens 32 Bucheinb\u00e4nden gefunden. Es handelte sich haupts\u00e4chlich um gro\u00dfe Ledereinb\u00e4nde, die mit verschiedenen (vergoldeten) Verzierungen versehen waren. Die Kisten enthielten auch verschiedene Verschl\u00fcsse f\u00fcr andere B\u00fccher. M\u00f6glicherweise handelte es sich um eine gro\u00dfe Bibliothek mit teuren B\u00fcchern. Einer der auff\u00e4lligsten Einb\u00e4nde war ein Kalbsleder-Einband mit einem k\u00f6niglichen Siegel.","og_url":"https:\/\/kaapskil.nl\/?page_id=9782","og_site_name":"Museum Kaap Skil","og_image":[{"width":1750,"height":880,"url":"https:\/\/kaapskil.nl\/wp-content\/uploads\/2022\/07\/Objecten-Boekband-met-goudstempel-van-het-Huis-van-Stuart-c-Provincie-Noord-Holland-header.jpg","type":"image\/jpeg"}],"twitter_card":"summary_large_image","twitter_misc":{"Est. reading time":"2 minutes"},"schema":{"@context":"https:\/\/schema.org","@graph":[{"@type":"WebPage","@id":"https:\/\/kaapskil.nl\/?page_id=9782","url":"https:\/\/kaapskil.nl\/?page_id=9782","name":"Bucheinband aus dem Palmholzwrack - Museum Kaap Skil","isPartOf":{"@id":"https:\/\/kaapskil.nl\/#website"},"primaryImageOfPage":{"@id":"https:\/\/kaapskil.nl\/?page_id=9782#primaryimage"},"image":{"@id":"https:\/\/kaapskil.nl\/?page_id=9782#primaryimage"},"thumbnailUrl":"https:\/\/kaapskil.nl\/wp-content\/uploads\/2022\/07\/Objecten-Boekband-met-goudstempel-van-het-Huis-van-Stuart-c-Provincie-Noord-Holland-header.jpg","datePublished":"2022-11-11T12:00:21+00:00","description":"Im Palmholzwrack wurden zwei Schiffskisten mit mindestens 32 Bucheinb\u00e4nden gefunden. Es handelte sich haupts\u00e4chlich um gro\u00dfe Ledereinb\u00e4nde, die mit verschiedenen (vergoldeten) Verzierungen versehen waren. Die Kisten enthielten auch verschiedene Verschl\u00fcsse f\u00fcr andere B\u00fccher. M\u00f6glicherweise handelte es sich um eine gro\u00dfe Bibliothek mit teuren B\u00fcchern. Einer der auff\u00e4lligsten Einb\u00e4nde war ein Kalbsleder-Einband mit einem k\u00f6niglichen Siegel.","breadcrumb":{"@id":"https:\/\/kaapskil.nl\/?page_id=9782#breadcrumb"},"inLanguage":"de-DE","potentialAction":[{"@type":"ReadAction","target":["https:\/\/kaapskil.nl\/?page_id=9782"]}]},{"@type":"ImageObject","inLanguage":"de-DE","@id":"https:\/\/kaapskil.nl\/?page_id=9782#primaryimage","url":"https:\/\/kaapskil.nl\/wp-content\/uploads\/2022\/07\/Objecten-Boekband-met-goudstempel-van-het-Huis-van-Stuart-c-Provincie-Noord-Holland-header.jpg","contentUrl":"https:\/\/kaapskil.nl\/wp-content\/uploads\/2022\/07\/Objecten-Boekband-met-goudstempel-van-het-Huis-van-Stuart-c-Provincie-Noord-Holland-header.jpg","width":1750,"height":880,"caption":"Boekband met goudstempel van het Huis van Stuart"},{"@type":"BreadcrumbList","@id":"https:\/\/kaapskil.nl\/?page_id=9782#breadcrumb","itemListElement":[{"@type":"ListItem","position":1,"name":"Home","item":"https:\/\/kaapskil.nl\/de\/"},{"@type":"ListItem","position":2,"name":"Entdecken","item":"https:\/\/kaapskil.nl\/de\/entdecken\/"},{"@type":"ListItem","position":3,"name":"Prunkst\u00fccke","item":"https:\/\/kaapskil.nl\/de\/entdecken\/prunkstucke\/"},{"@type":"ListItem","position":4,"name":"Bucheinband aus dem Palmholzwrack"}]},{"@type":"WebSite","@id":"https:\/\/kaapskil.nl\/#website","url":"https:\/\/kaapskil.nl\/","name":"Museum Kaap Skil","description":"Stichting Texels Museum","potentialAction":[{"@type":"SearchAction","target":{"@type":"EntryPoint","urlTemplate":"https:\/\/kaapskil.nl\/?s={search_term_string}"},"query-input":{"@type":"PropertyValueSpecification","valueRequired":true,"valueName":"search_term_string"}}],"inLanguage":"de-DE"}]}},"_links":{"self":[{"href":"https:\/\/kaapskil.nl\/de\/wp-json\/wp\/v2\/pages\/9798","targetHints":{"allow":["GET"]}}],"collection":[{"href":"https:\/\/kaapskil.nl\/de\/wp-json\/wp\/v2\/pages"}],"about":[{"href":"https:\/\/kaapskil.nl\/de\/wp-json\/wp\/v2\/types\/page"}],"author":[{"embeddable":true,"href":"https:\/\/kaapskil.nl\/de\/wp-json\/wp\/v2\/users\/16"}],"replies":[{"embeddable":true,"href":"https:\/\/kaapskil.nl\/de\/wp-json\/wp\/v2\/comments?post=9798"}],"version-history":[{"count":0,"href":"https:\/\/kaapskil.nl\/de\/wp-json\/wp\/v2\/pages\/9798\/revisions"}],"up":[{"embeddable":true,"href":"https:\/\/kaapskil.nl\/de\/wp-json\/wp\/v2\/pages\/659"}],"wp:featuredmedia":[{"embeddable":true,"href":"https:\/\/kaapskil.nl\/de\/wp-json\/wp\/v2\/media\/9793"}],"wp:attachment":[{"href":"https:\/\/kaapskil.nl\/de\/wp-json\/wp\/v2\/media?parent=9798"}],"wp:term":[{"taxonomy":"category","embeddable":true,"href":"https:\/\/kaapskil.nl\/de\/wp-json\/wp\/v2\/categories?post=9798"},{"taxonomy":"post_tag","embeddable":true,"href":"https:\/\/kaapskil.nl\/de\/wp-json\/wp\/v2\/tags?post=9798"}],"curies":[{"name":"wp","href":"https:\/\/api.w.org\/{rel}","templated":true}]}}