{"id":9818,"date":"2022-11-11T13:00:09","date_gmt":"2022-11-11T12:00:09","guid":{"rendered":"https:\/\/kaapskil.nl\/?page_id=9818"},"modified":"2022-11-14T11:43:07","modified_gmt":"2022-11-14T10:43:07","slug":"toilettenset-aus-dem-palmholzwrack","status":"publish","type":"page","link":"https:\/\/kaapskil.nl\/de\/entdecken\/prunkstucke\/toilettenset-aus-dem-palmholzwrack\/","title":{"rendered":"Toilettenset aus dem Palmholzwrack"},"content":{"rendered":"<p><strong><img loading=\"lazy\" decoding=\"async\" class=\"alignright wp-image-11156 size-full\" src=\"https:\/\/kaapskil.nl\/wp-content\/uploads\/2022\/11\/Zijden-etui-donkere-achtergrond-c-Provincie-Noord-Holland-Kees-Zwaan-ws.jpg\" alt=\"\" width=\"640\" height=\"640\" srcset=\"https:\/\/kaapskil.nl\/wp-content\/uploads\/2022\/11\/Zijden-etui-donkere-achtergrond-c-Provincie-Noord-Holland-Kees-Zwaan-ws.jpg 640w, https:\/\/kaapskil.nl\/wp-content\/uploads\/2022\/11\/Zijden-etui-donkere-achtergrond-c-Provincie-Noord-Holland-Kees-Zwaan-ws-300x300.jpg 300w, https:\/\/kaapskil.nl\/wp-content\/uploads\/2022\/11\/Zijden-etui-donkere-achtergrond-c-Provincie-Noord-Holland-Kees-Zwaan-ws-150x150.jpg 150w, https:\/\/kaapskil.nl\/wp-content\/uploads\/2022\/11\/Zijden-etui-donkere-achtergrond-c-Provincie-Noord-Holland-Kees-Zwaan-ws-100x100.jpg 100w, https:\/\/kaapskil.nl\/wp-content\/uploads\/2022\/11\/Zijden-etui-donkere-achtergrond-c-Provincie-Noord-Holland-Kees-Zwaan-ws-350x350.jpg 350w\" sizes=\"auto, (max-width: 640px) 100vw, 640px\" \/>Unter den Textilfunden aus dem <a href=\"https:\/\/kaapskil.nl\/de\/das-palmholzwrack\/\" target=\"_blank\" rel=\"noopener\">Palmholzwrack<\/a> befanden sich eine Reihe von Gegenst\u00e4nden, die auf dem Toilettentisch einer sehr wohlhabenden Dame lagen. Wahrscheinlich war es ein komplettes Toilettenset. Das Kernst\u00fcck ist ein pr\u00e4chtiger Tischspiegel. Der wundersch\u00f6n restaurierte Spiegel hat zwei T\u00fcren und ist mit Seidensamt und Metallstickereien bedeckt. <\/strong><\/p>\n<h2>Verschiedene Bestandteile<\/h2>\n<h2><img loading=\"lazy\" decoding=\"async\" class=\"alignright wp-image-9809\" src=\"https:\/\/kaapskil.nl\/wp-content\/uploads\/2022\/07\/Objecten-Tafelspiegel-c-Provincie-Noord-Holland-2-ws.jpg\" alt=\"\" width=\"650\" height=\"460\" srcset=\"https:\/\/kaapskil.nl\/wp-content\/uploads\/2022\/07\/Objecten-Tafelspiegel-c-Provincie-Noord-Holland-2-ws.jpg 850w, https:\/\/kaapskil.nl\/wp-content\/uploads\/2022\/07\/Objecten-Tafelspiegel-c-Provincie-Noord-Holland-2-ws-300x212.jpg 300w, https:\/\/kaapskil.nl\/wp-content\/uploads\/2022\/07\/Objecten-Tafelspiegel-c-Provincie-Noord-Holland-2-ws-768x543.jpg 768w, https:\/\/kaapskil.nl\/wp-content\/uploads\/2022\/07\/Objecten-Tafelspiegel-c-Provincie-Noord-Holland-2-ws-100x71.jpg 100w\" sizes=\"auto, (max-width: 650px) 100vw, 650px\" \/><\/h2>\n<p>Zum Toilettenset geh\u00f6rt auch ein Etui, das einen Kamm, eine mit Seide bedeckte B\u00fcrste und ein St\u00fcck Stoff enth\u00e4lt, das vielleicht einmal zu einem Nadelkissen geh\u00f6rte. Ein Nadelkissen war ein unverzichtbarer Bestandteil eines solchen Sets, da viele Teile eines Kost\u00fcms, wie z. B. die \u00c4rmel, lose waren. Sie wurden beim Ankleiden angeheftet. Auch ein Tischl\u00e4ufer wurde identifiziert. In diesem Fall ist er rot, aber das war nicht bei allen Tischl\u00e4ufern der Fall. Der Name &#8220;Toilettengarnitur&#8221; leitet sich von dem kostbaren Tuch ab, das auf dem Frisiertisch lag und auf dem die verschiedenen Attribute abgebildet waren. In der Regel handelte es sich dabei um ein wei\u00dfes Tuch aus Spitze, das &#8220;Toilette&#8221; genannt wurde.<\/p>\n<h2>Metall-Bestickung<\/h2>\n<p>F\u00fcr die Bestickung der Toilettengarnitur wurden verschiedene Techniken verwendet. Die Verzierungen wurden mit spiralf\u00f6rmig gewickelten Metallf\u00e4den hergestellt, die mit geschnittenen Folienstreifen und zerkleinerten Scheiben kombiniert um Textilien gewickelt wurden. Die Verzierungen scheinen haupts\u00e4chlich aus Silber zu bestehen. Spuren von Gold deuten jedoch darauf hin, dass das Silber teilweise oder vielleicht sogar vollst\u00e4ndig vergoldet wurde.<\/p>\n<h2><img loading=\"lazy\" decoding=\"async\" class=\"alignright wp-image-9775\" src=\"https:\/\/kaapskil.nl\/wp-content\/uploads\/2022\/07\/Schilderij-Dame-in-haar-slaapkamer-met-dienstmaagd-1665-1670-Anoniem-c-Minneapolis-Institute-of-Art-ws.jpg\" alt=\"Dame-in-haar-slaapkamer-met-dienstmaagd\" width=\"650\" height=\"501\" srcset=\"https:\/\/kaapskil.nl\/wp-content\/uploads\/2022\/07\/Schilderij-Dame-in-haar-slaapkamer-met-dienstmaagd-1665-1670-Anoniem-c-Minneapolis-Institute-of-Art-ws.jpg 850w, https:\/\/kaapskil.nl\/wp-content\/uploads\/2022\/07\/Schilderij-Dame-in-haar-slaapkamer-met-dienstmaagd-1665-1670-Anoniem-c-Minneapolis-Institute-of-Art-ws-300x231.jpg 300w, https:\/\/kaapskil.nl\/wp-content\/uploads\/2022\/07\/Schilderij-Dame-in-haar-slaapkamer-met-dienstmaagd-1665-1670-Anoniem-c-Minneapolis-Institute-of-Art-ws-768x592.jpg 768w, https:\/\/kaapskil.nl\/wp-content\/uploads\/2022\/07\/Schilderij-Dame-in-haar-slaapkamer-met-dienstmaagd-1665-1670-Anoniem-c-Minneapolis-Institute-of-Art-ws-100x77.jpg 100w\" sizes=\"auto, (max-width: 650px) 100vw, 650px\" \/><\/h2>\n<h2>Zusammengeh\u00f6rend<\/h2>\n<p>Die Verzierungen auf den verschiedenen Teilen der Toilettengarnitur sind sehr \u00e4hnlich, aber die Muster sind nicht genau gleich. Dennoch scheint es sehr wahrscheinlich, dass die Gegenst\u00e4nde zusammengeh\u00f6ren &#8211; obwohl es auch sehr \u00fcblich war, eine Toilettengarnitur aus verschiedenen Gegenst\u00e4nden von unterschiedlichen Herstellern zusammenzustellen. Wahrscheinlich fehlen noch ein paar Gegenst\u00e4nde. Alles in allem ergibt sich ein sehr klares Bild eines Frisiertisches aus dem Privatbereich einer sehr wohlhabenden Dame in der ersten H\u00e4lfte des siebzehnten Jahrhunderts. Am Frisiertisch wurde diese Dame t\u00e4glich von ihrem Dienstm\u00e4dchen angezogen und geschminkt, und zwar au\u00dfer Sichtweite f\u00fcr alle.<\/p>\n<h2>Zu sehen<\/h2>\n<p>Das Toilettenset und die anderen einzigartigen Fundst\u00fccke aus dem Palmholzwrack sind in einer neuen, spektakul\u00e4ren Ausstellung zu sehen bei Museum Kaap Skil.<\/p>\n<p>&nbsp;<\/p>\n<p><em>NB: Die Sammlung wird immer noch erforscht. Dieser Artikel kann dadurch veraltete Informationen oder \u00fcberholte Erkenntnisse enthalten.<\/em><\/p>\n","protected":false},"excerpt":{"rendered":"<p>Unter den Textilfunden aus dem Palmholzwrack befanden sich eine Reihe von Gegenst\u00e4nden, die auf dem Toilettentisch einer sehr wohlhabenden Dame lagen. Wahrscheinlich war es ein komplettes Toilettenset. <\/p>\n","protected":false},"author":16,"featured_media":11156,"parent":659,"menu_order":4,"comment_status":"closed","ping_status":"closed","template":"page-templates\/museum-highlight.php","meta":{"_acf_changed":false,"footnotes":""},"categories":[],"tags":[44],"class_list":["post-9818","page","type-page","status-publish","has-post-thumbnail","hentry","tag-palmholzwrack"],"acf":[],"yoast_head":"<!-- This site is optimized with the Yoast SEO plugin v27.3 - https:\/\/yoast.com\/product\/yoast-seo-wordpress\/ -->\n<title>Toilettenset aus dem Palmholzwrack - Museum Kaap Skil<\/title>\n<meta name=\"description\" content=\"Unter den Textilfunden aus dem Palmholzwrack befanden sich eine Reihe von Gegenst\u00e4nden, die auf dem Toilettentisch einer sehr wohlhabenden Dame lagen. Wahrscheinlich war es ein komplettes Toilettenset.\" \/>\n<meta name=\"robots\" content=\"index, follow, max-snippet:-1, max-image-preview:large, max-video-preview:-1\" \/>\n<link rel=\"canonical\" href=\"https:\/\/kaapskil.nl\/de\/entdecken\/prunkstucke\/toilettenset-aus-dem-palmholzwrack\/\" \/>\n<meta property=\"og:locale\" content=\"de_DE\" \/>\n<meta property=\"og:type\" content=\"article\" \/>\n<meta property=\"og:title\" content=\"Toilettenset aus dem Palmholzwrack - Museum Kaap Skil\" \/>\n<meta property=\"og:description\" content=\"Unter den Textilfunden aus dem Palmholzwrack befanden sich eine Reihe von Gegenst\u00e4nden, die auf dem Toilettentisch einer sehr wohlhabenden Dame lagen. Wahrscheinlich war es ein komplettes Toilettenset.\" \/>\n<meta property=\"og:url\" content=\"https:\/\/kaapskil.nl\/de\/entdecken\/prunkstucke\/toilettenset-aus-dem-palmholzwrack\/\" \/>\n<meta property=\"og:site_name\" content=\"Museum Kaap Skil\" \/>\n<meta property=\"article:modified_time\" content=\"2022-11-14T10:43:07+00:00\" \/>\n<meta property=\"og:image\" content=\"https:\/\/kaapskil.nl\/wp-content\/uploads\/2022\/11\/Zijden-etui-donkere-achtergrond-c-Provincie-Noord-Holland-Kees-Zwaan-ws.jpg\" \/>\n\t<meta property=\"og:image:width\" content=\"640\" \/>\n\t<meta property=\"og:image:height\" content=\"640\" \/>\n\t<meta property=\"og:image:type\" content=\"image\/jpeg\" \/>\n<meta name=\"twitter:card\" content=\"summary_large_image\" \/>\n<meta name=\"twitter:label1\" content=\"Est. reading time\" \/>\n\t<meta name=\"twitter:data1\" content=\"3 minutes\" \/>\n<script type=\"application\/ld+json\" class=\"yoast-schema-graph\">{\"@context\":\"https:\\\/\\\/schema.org\",\"@graph\":[{\"@type\":\"WebPage\",\"@id\":\"https:\\\/\\\/kaapskil.nl\\\/de\\\/entdecken\\\/prunkstucke\\\/toilettenset-aus-dem-palmholzwrack\\\/\",\"url\":\"https:\\\/\\\/kaapskil.nl\\\/de\\\/entdecken\\\/prunkstucke\\\/toilettenset-aus-dem-palmholzwrack\\\/\",\"name\":\"Toilettenset aus dem Palmholzwrack - Museum Kaap Skil\",\"isPartOf\":{\"@id\":\"https:\\\/\\\/kaapskil.nl\\\/#website\"},\"primaryImageOfPage\":{\"@id\":\"https:\\\/\\\/kaapskil.nl\\\/de\\\/entdecken\\\/prunkstucke\\\/toilettenset-aus-dem-palmholzwrack\\\/#primaryimage\"},\"image\":{\"@id\":\"https:\\\/\\\/kaapskil.nl\\\/de\\\/entdecken\\\/prunkstucke\\\/toilettenset-aus-dem-palmholzwrack\\\/#primaryimage\"},\"thumbnailUrl\":\"https:\\\/\\\/kaapskil.nl\\\/wp-content\\\/uploads\\\/2022\\\/11\\\/Zijden-etui-donkere-achtergrond-c-Provincie-Noord-Holland-Kees-Zwaan-ws.jpg\",\"datePublished\":\"2022-11-11T12:00:09+00:00\",\"dateModified\":\"2022-11-14T10:43:07+00:00\",\"description\":\"Unter den Textilfunden aus dem Palmholzwrack befanden sich eine Reihe von Gegenst\u00e4nden, die auf dem Toilettentisch einer sehr wohlhabenden Dame lagen. Wahrscheinlich war es ein komplettes Toilettenset.\",\"breadcrumb\":{\"@id\":\"https:\\\/\\\/kaapskil.nl\\\/de\\\/entdecken\\\/prunkstucke\\\/toilettenset-aus-dem-palmholzwrack\\\/#breadcrumb\"},\"inLanguage\":\"de-DE\",\"potentialAction\":[{\"@type\":\"ReadAction\",\"target\":[\"https:\\\/\\\/kaapskil.nl\\\/de\\\/entdecken\\\/prunkstucke\\\/toilettenset-aus-dem-palmholzwrack\\\/\"]}]},{\"@type\":\"ImageObject\",\"inLanguage\":\"de-DE\",\"@id\":\"https:\\\/\\\/kaapskil.nl\\\/de\\\/entdecken\\\/prunkstucke\\\/toilettenset-aus-dem-palmholzwrack\\\/#primaryimage\",\"url\":\"https:\\\/\\\/kaapskil.nl\\\/wp-content\\\/uploads\\\/2022\\\/11\\\/Zijden-etui-donkere-achtergrond-c-Provincie-Noord-Holland-Kees-Zwaan-ws.jpg\",\"contentUrl\":\"https:\\\/\\\/kaapskil.nl\\\/wp-content\\\/uploads\\\/2022\\\/11\\\/Zijden-etui-donkere-achtergrond-c-Provincie-Noord-Holland-Kees-Zwaan-ws.jpg\",\"width\":640,\"height\":640},{\"@type\":\"BreadcrumbList\",\"@id\":\"https:\\\/\\\/kaapskil.nl\\\/de\\\/entdecken\\\/prunkstucke\\\/toilettenset-aus-dem-palmholzwrack\\\/#breadcrumb\",\"itemListElement\":[{\"@type\":\"ListItem\",\"position\":1,\"name\":\"Home\",\"item\":\"https:\\\/\\\/kaapskil.nl\\\/de\\\/\"},{\"@type\":\"ListItem\",\"position\":2,\"name\":\"Entdecken\",\"item\":\"https:\\\/\\\/kaapskil.nl\\\/de\\\/entdecken\\\/\"},{\"@type\":\"ListItem\",\"position\":3,\"name\":\"Prunkst\u00fccke\",\"item\":\"https:\\\/\\\/kaapskil.nl\\\/de\\\/entdecken\\\/prunkstucke\\\/\"},{\"@type\":\"ListItem\",\"position\":4,\"name\":\"Toilettenset aus dem Palmholzwrack\"}]},{\"@type\":\"WebSite\",\"@id\":\"https:\\\/\\\/kaapskil.nl\\\/#website\",\"url\":\"https:\\\/\\\/kaapskil.nl\\\/\",\"name\":\"Museum Kaap Skil\",\"description\":\"Stichting Texels Museum\",\"potentialAction\":[{\"@type\":\"SearchAction\",\"target\":{\"@type\":\"EntryPoint\",\"urlTemplate\":\"https:\\\/\\\/kaapskil.nl\\\/?s={search_term_string}\"},\"query-input\":{\"@type\":\"PropertyValueSpecification\",\"valueRequired\":true,\"valueName\":\"search_term_string\"}}],\"inLanguage\":\"de-DE\"}]}<\/script>\n<!-- \/ Yoast SEO plugin. -->","yoast_head_json":{"title":"Toilettenset aus dem Palmholzwrack - Museum Kaap Skil","description":"Unter den Textilfunden aus dem Palmholzwrack befanden sich eine Reihe von Gegenst\u00e4nden, die auf dem Toilettentisch einer sehr wohlhabenden Dame lagen. Wahrscheinlich war es ein komplettes Toilettenset.","robots":{"index":"index","follow":"follow","max-snippet":"max-snippet:-1","max-image-preview":"max-image-preview:large","max-video-preview":"max-video-preview:-1"},"canonical":"https:\/\/kaapskil.nl\/de\/entdecken\/prunkstucke\/toilettenset-aus-dem-palmholzwrack\/","og_locale":"de_DE","og_type":"article","og_title":"Toilettenset aus dem Palmholzwrack - Museum Kaap Skil","og_description":"Unter den Textilfunden aus dem Palmholzwrack befanden sich eine Reihe von Gegenst\u00e4nden, die auf dem Toilettentisch einer sehr wohlhabenden Dame lagen. Wahrscheinlich war es ein komplettes Toilettenset.","og_url":"https:\/\/kaapskil.nl\/de\/entdecken\/prunkstucke\/toilettenset-aus-dem-palmholzwrack\/","og_site_name":"Museum Kaap Skil","article_modified_time":"2022-11-14T10:43:07+00:00","og_image":[{"width":640,"height":640,"url":"https:\/\/kaapskil.nl\/wp-content\/uploads\/2022\/11\/Zijden-etui-donkere-achtergrond-c-Provincie-Noord-Holland-Kees-Zwaan-ws.jpg","type":"image\/jpeg"}],"twitter_card":"summary_large_image","twitter_misc":{"Est. reading time":"3 minutes"},"schema":{"@context":"https:\/\/schema.org","@graph":[{"@type":"WebPage","@id":"https:\/\/kaapskil.nl\/de\/entdecken\/prunkstucke\/toilettenset-aus-dem-palmholzwrack\/","url":"https:\/\/kaapskil.nl\/de\/entdecken\/prunkstucke\/toilettenset-aus-dem-palmholzwrack\/","name":"Toilettenset aus dem Palmholzwrack - Museum Kaap Skil","isPartOf":{"@id":"https:\/\/kaapskil.nl\/#website"},"primaryImageOfPage":{"@id":"https:\/\/kaapskil.nl\/de\/entdecken\/prunkstucke\/toilettenset-aus-dem-palmholzwrack\/#primaryimage"},"image":{"@id":"https:\/\/kaapskil.nl\/de\/entdecken\/prunkstucke\/toilettenset-aus-dem-palmholzwrack\/#primaryimage"},"thumbnailUrl":"https:\/\/kaapskil.nl\/wp-content\/uploads\/2022\/11\/Zijden-etui-donkere-achtergrond-c-Provincie-Noord-Holland-Kees-Zwaan-ws.jpg","datePublished":"2022-11-11T12:00:09+00:00","dateModified":"2022-11-14T10:43:07+00:00","description":"Unter den Textilfunden aus dem Palmholzwrack befanden sich eine Reihe von Gegenst\u00e4nden, die auf dem Toilettentisch einer sehr wohlhabenden Dame lagen. Wahrscheinlich war es ein komplettes Toilettenset.","breadcrumb":{"@id":"https:\/\/kaapskil.nl\/de\/entdecken\/prunkstucke\/toilettenset-aus-dem-palmholzwrack\/#breadcrumb"},"inLanguage":"de-DE","potentialAction":[{"@type":"ReadAction","target":["https:\/\/kaapskil.nl\/de\/entdecken\/prunkstucke\/toilettenset-aus-dem-palmholzwrack\/"]}]},{"@type":"ImageObject","inLanguage":"de-DE","@id":"https:\/\/kaapskil.nl\/de\/entdecken\/prunkstucke\/toilettenset-aus-dem-palmholzwrack\/#primaryimage","url":"https:\/\/kaapskil.nl\/wp-content\/uploads\/2022\/11\/Zijden-etui-donkere-achtergrond-c-Provincie-Noord-Holland-Kees-Zwaan-ws.jpg","contentUrl":"https:\/\/kaapskil.nl\/wp-content\/uploads\/2022\/11\/Zijden-etui-donkere-achtergrond-c-Provincie-Noord-Holland-Kees-Zwaan-ws.jpg","width":640,"height":640},{"@type":"BreadcrumbList","@id":"https:\/\/kaapskil.nl\/de\/entdecken\/prunkstucke\/toilettenset-aus-dem-palmholzwrack\/#breadcrumb","itemListElement":[{"@type":"ListItem","position":1,"name":"Home","item":"https:\/\/kaapskil.nl\/de\/"},{"@type":"ListItem","position":2,"name":"Entdecken","item":"https:\/\/kaapskil.nl\/de\/entdecken\/"},{"@type":"ListItem","position":3,"name":"Prunkst\u00fccke","item":"https:\/\/kaapskil.nl\/de\/entdecken\/prunkstucke\/"},{"@type":"ListItem","position":4,"name":"Toilettenset aus dem Palmholzwrack"}]},{"@type":"WebSite","@id":"https:\/\/kaapskil.nl\/#website","url":"https:\/\/kaapskil.nl\/","name":"Museum Kaap Skil","description":"Stichting Texels Museum","potentialAction":[{"@type":"SearchAction","target":{"@type":"EntryPoint","urlTemplate":"https:\/\/kaapskil.nl\/?s={search_term_string}"},"query-input":{"@type":"PropertyValueSpecification","valueRequired":true,"valueName":"search_term_string"}}],"inLanguage":"de-DE"}]}},"_links":{"self":[{"href":"https:\/\/kaapskil.nl\/de\/wp-json\/wp\/v2\/pages\/9818","targetHints":{"allow":["GET"]}}],"collection":[{"href":"https:\/\/kaapskil.nl\/de\/wp-json\/wp\/v2\/pages"}],"about":[{"href":"https:\/\/kaapskil.nl\/de\/wp-json\/wp\/v2\/types\/page"}],"author":[{"embeddable":true,"href":"https:\/\/kaapskil.nl\/de\/wp-json\/wp\/v2\/users\/16"}],"replies":[{"embeddable":true,"href":"https:\/\/kaapskil.nl\/de\/wp-json\/wp\/v2\/comments?post=9818"}],"version-history":[{"count":0,"href":"https:\/\/kaapskil.nl\/de\/wp-json\/wp\/v2\/pages\/9818\/revisions"}],"up":[{"embeddable":true,"href":"https:\/\/kaapskil.nl\/de\/wp-json\/wp\/v2\/pages\/659"}],"wp:featuredmedia":[{"embeddable":true,"href":"https:\/\/kaapskil.nl\/de\/wp-json\/wp\/v2\/media\/11156"}],"wp:attachment":[{"href":"https:\/\/kaapskil.nl\/de\/wp-json\/wp\/v2\/media?parent=9818"}],"wp:term":[{"taxonomy":"category","embeddable":true,"href":"https:\/\/kaapskil.nl\/de\/wp-json\/wp\/v2\/categories?post=9818"},{"taxonomy":"post_tag","embeddable":true,"href":"https:\/\/kaapskil.nl\/de\/wp-json\/wp\/v2\/tags?post=9818"}],"curies":[{"name":"wp","href":"https:\/\/api.w.org\/{rel}","templated":true}]}}