{"id":9837,"date":"2022-11-11T13:00:26","date_gmt":"2022-11-11T12:00:26","guid":{"rendered":"https:\/\/kaapskil.nl\/kruitmaatjes\/"},"modified":"2022-11-13T10:36:39","modified_gmt":"2022-11-13T09:36:39","slug":"pulverbuechse","status":"publish","type":"page","link":"https:\/\/kaapskil.nl\/de\/pulverbuechse\/","title":{"rendered":"Pulverb\u00fcchse aus dem Palmholzwrack"},"content":{"rendered":"<div id=\"attachment_2610\" style=\"width: 431px\" class=\"wp-caption alignright\"><img loading=\"lazy\" decoding=\"async\" aria-describedby=\"caption-attachment-2610\" class=\"wp-image-2610 size-full\" src=\"https:\/\/kaapskil.nl\/wp-content\/uploads\/2018\/06\/Bewapende-musketier-met-bandelier-op-de-borst-Atelier-van-Hendrick-Goltzius-Rijksstudio-Rijksmuseum.jpg\" alt=\"Bewapende musketier met bandelier op de borst. (Atelier van) Hendrick Goltzius, 1585 -1589. Rijksstudio Rijksmuseum\" width=\"421\" height=\"578\" srcset=\"https:\/\/kaapskil.nl\/wp-content\/uploads\/2018\/06\/Bewapende-musketier-met-bandelier-op-de-borst-Atelier-van-Hendrick-Goltzius-Rijksstudio-Rijksmuseum.jpg 421w, https:\/\/kaapskil.nl\/wp-content\/uploads\/2018\/06\/Bewapende-musketier-met-bandelier-op-de-borst-Atelier-van-Hendrick-Goltzius-Rijksstudio-Rijksmuseum-219x300.jpg 219w\" sizes=\"auto, (max-width: 421px) 100vw, 421px\" \/><p id=\"caption-attachment-2610\" class=\"wp-caption-text\">(Atelier van) Hendrick Goltzius, 1585 -1589. Rijksstudio Rijksmuseum<\/p><\/div>\n<p><strong>Pulverb\u00fcchse aus Holz und Leder, aufgetaucht in einem Schiffswrack aus dem siebzehnten Jahrhundert, das auf dem Boden des Wattenmeeres liegt. In diesem so genannten <a href=\"https:\/\/kaapskil.nl\/de\/das-palmholzwrack\/\" target=\"_blank\" rel=\"noopener\">Palmholzwrack<\/a> wurden Hunderte von besonderen Gegenst\u00e4nden gefunden, darunter ein einzigartiges Kleid aus dem siebzehnten Jahrhundert. Das Schiff war schwer bewaffnet, vermutlich weil es im Mittelmeer unterwegs war. An der nordafrikanischen K\u00fcste wimmelte es von &#8216;barbarischen Seer\u00e4ubern&#8217;, gegen die man sich sch\u00fctzen wollte.<\/strong><\/p>\n<h2>An einem Riemen<\/h2>\n<p>Pulverb\u00fcchsen sind kleine K\u00f6cher aus Holz mit einer H\u00fclle aus Leder. Sie wurden an einem Lederg\u00fcrtel getragen und enthielten gerade genug Schie\u00dfpulver f\u00fcr einen Schuss. Die Lederriemen, an denen die Pulverb\u00fcchsen befestigt waren, werden Bandeliers genannt.<\/p>\n<h2>Zu sehen<\/h2>\n<p>Objekte wie die Pulverb\u00fcchsen vermitteln den Forschern einen Eindruck von der Bewaffnung des Schiffes. Die Pulverb\u00fcchsen wurden auf Kosten der Provinz Nordholland konserviert und restauriert. Die Pulverb\u00fcchsen und viele andere einzigartige Funde aus dem Palmholzwrack sind in einer neuen, spektakul\u00e4ren Ausstellung im Untergeschoss des Hauptgeb\u00e4udes von Museum Kaap Skil zu sehen.<\/p>\n<p><em>NB: Die Sammlung wird immer noch erforscht. Dieser Artikel kann dadurch veraltete Informationen oder \u00fcberholte Erkenntnisse enthalten.<\/em><\/p>\n","protected":false},"excerpt":{"rendered":"<p>Pulverb\u00fcchse aus Holz und Leder, aufgetaucht in einem Schiffswrack aus dem siebzehnten Jahrhundert. <\/p>\n","protected":false},"author":16,"featured_media":2619,"parent":0,"menu_order":100,"comment_status":"closed","ping_status":"closed","template":"page-templates\/museum-highlight.php","meta":{"_acf_changed":false,"footnotes":""},"categories":[],"tags":[44],"class_list":["post-9837","page","type-page","status-publish","has-post-thumbnail","hentry","tag-palmholzwrack"],"acf":[],"yoast_head":"<!-- This site is optimized with the Yoast SEO plugin v27.4 - https:\/\/yoast.com\/product\/yoast-seo-wordpress\/ -->\n<title>Kruitmaatjes<\/title>\n<meta name=\"description\" content=\"Pulverb\u00fcchse aus Holz und Leder, aufgetaucht in einem Schiffswrack aus dem siebzehnten Jahrhundert.\" \/>\n<meta name=\"robots\" content=\"index, follow, max-snippet:-1, max-image-preview:large, max-video-preview:-1\" \/>\n<link rel=\"canonical\" href=\"https:\/\/kaapskil.nl\/de\/pulverbuechse\/\" \/>\n<meta property=\"og:locale\" content=\"de_DE\" \/>\n<meta property=\"og:type\" content=\"article\" \/>\n<meta property=\"og:title\" content=\"Kruitmaatjes\" \/>\n<meta property=\"og:description\" content=\"Pulverb\u00fcchse aus Holz und Leder, aufgetaucht in einem Schiffswrack aus dem siebzehnten Jahrhundert.\" \/>\n<meta property=\"og:url\" content=\"https:\/\/kaapskil.nl\/de\/pulverbuechse\/\" \/>\n<meta property=\"og:site_name\" content=\"Museum Kaap Skil\" \/>\n<meta property=\"article:modified_time\" content=\"2022-11-13T09:36:39+00:00\" \/>\n<meta property=\"og:image\" content=\"https:\/\/kaapskil.nl\/wp-content\/uploads\/2018\/06\/Kruitmaat-ws.jpg\" \/>\n\t<meta property=\"og:image:width\" content=\"640\" \/>\n\t<meta property=\"og:image:height\" content=\"477\" \/>\n\t<meta property=\"og:image:type\" content=\"image\/jpeg\" \/>\n<meta name=\"twitter:card\" content=\"summary_large_image\" \/>\n<meta name=\"twitter:label1\" content=\"Est. reading time\" \/>\n\t<meta name=\"twitter:data1\" content=\"2 minutes\" \/>\n<script type=\"application\/ld+json\" class=\"yoast-schema-graph\">{\"@context\":\"https:\\\/\\\/schema.org\",\"@graph\":[{\"@type\":\"WebPage\",\"@id\":\"https:\\\/\\\/kaapskil.nl\\\/de\\\/pulverbuechse\\\/\",\"url\":\"https:\\\/\\\/kaapskil.nl\\\/de\\\/pulverbuechse\\\/\",\"name\":\"Kruitmaatjes\",\"isPartOf\":{\"@id\":\"https:\\\/\\\/kaapskil.nl\\\/#website\"},\"primaryImageOfPage\":{\"@id\":\"https:\\\/\\\/kaapskil.nl\\\/de\\\/pulverbuechse\\\/#primaryimage\"},\"image\":{\"@id\":\"https:\\\/\\\/kaapskil.nl\\\/de\\\/pulverbuechse\\\/#primaryimage\"},\"thumbnailUrl\":\"https:\\\/\\\/kaapskil.nl\\\/wp-content\\\/uploads\\\/2018\\\/06\\\/Kruitmaat-ws.jpg\",\"datePublished\":\"2022-11-11T12:00:26+00:00\",\"dateModified\":\"2022-11-13T09:36:39+00:00\",\"description\":\"Pulverb\u00fcchse aus Holz und Leder, aufgetaucht in einem Schiffswrack aus dem siebzehnten Jahrhundert.\",\"breadcrumb\":{\"@id\":\"https:\\\/\\\/kaapskil.nl\\\/de\\\/pulverbuechse\\\/#breadcrumb\"},\"inLanguage\":\"de-DE\",\"potentialAction\":[{\"@type\":\"ReadAction\",\"target\":[\"https:\\\/\\\/kaapskil.nl\\\/de\\\/pulverbuechse\\\/\"]}]},{\"@type\":\"ImageObject\",\"inLanguage\":\"de-DE\",\"@id\":\"https:\\\/\\\/kaapskil.nl\\\/de\\\/pulverbuechse\\\/#primaryimage\",\"url\":\"https:\\\/\\\/kaapskil.nl\\\/wp-content\\\/uploads\\\/2018\\\/06\\\/Kruitmaat-ws.jpg\",\"contentUrl\":\"https:\\\/\\\/kaapskil.nl\\\/wp-content\\\/uploads\\\/2018\\\/06\\\/Kruitmaat-ws.jpg\",\"width\":640,\"height\":477,\"caption\":\"Kruitmaatje bij Museum Kaap Skil\"},{\"@type\":\"BreadcrumbList\",\"@id\":\"https:\\\/\\\/kaapskil.nl\\\/de\\\/pulverbuechse\\\/#breadcrumb\",\"itemListElement\":[{\"@type\":\"ListItem\",\"position\":1,\"name\":\"Home\",\"item\":\"https:\\\/\\\/kaapskil.nl\\\/de\\\/\"},{\"@type\":\"ListItem\",\"position\":2,\"name\":\"Pulverb\u00fcchse aus dem Palmholzwrack\"}]},{\"@type\":\"WebSite\",\"@id\":\"https:\\\/\\\/kaapskil.nl\\\/#website\",\"url\":\"https:\\\/\\\/kaapskil.nl\\\/\",\"name\":\"Museum Kaap Skil\",\"description\":\"Stichting Texels Museum\",\"potentialAction\":[{\"@type\":\"SearchAction\",\"target\":{\"@type\":\"EntryPoint\",\"urlTemplate\":\"https:\\\/\\\/kaapskil.nl\\\/?s={search_term_string}\"},\"query-input\":{\"@type\":\"PropertyValueSpecification\",\"valueRequired\":true,\"valueName\":\"search_term_string\"}}],\"inLanguage\":\"de-DE\"}]}<\/script>\n<!-- \/ Yoast SEO plugin. -->","yoast_head_json":{"title":"Kruitmaatjes","description":"Pulverb\u00fcchse aus Holz und Leder, aufgetaucht in einem Schiffswrack aus dem siebzehnten Jahrhundert.","robots":{"index":"index","follow":"follow","max-snippet":"max-snippet:-1","max-image-preview":"max-image-preview:large","max-video-preview":"max-video-preview:-1"},"canonical":"https:\/\/kaapskil.nl\/de\/pulverbuechse\/","og_locale":"de_DE","og_type":"article","og_title":"Kruitmaatjes","og_description":"Pulverb\u00fcchse aus Holz und Leder, aufgetaucht in einem Schiffswrack aus dem siebzehnten Jahrhundert.","og_url":"https:\/\/kaapskil.nl\/de\/pulverbuechse\/","og_site_name":"Museum Kaap Skil","article_modified_time":"2022-11-13T09:36:39+00:00","og_image":[{"width":640,"height":477,"url":"https:\/\/kaapskil.nl\/wp-content\/uploads\/2018\/06\/Kruitmaat-ws.jpg","type":"image\/jpeg"}],"twitter_card":"summary_large_image","twitter_misc":{"Est. reading time":"2 minutes"},"schema":{"@context":"https:\/\/schema.org","@graph":[{"@type":"WebPage","@id":"https:\/\/kaapskil.nl\/de\/pulverbuechse\/","url":"https:\/\/kaapskil.nl\/de\/pulverbuechse\/","name":"Kruitmaatjes","isPartOf":{"@id":"https:\/\/kaapskil.nl\/#website"},"primaryImageOfPage":{"@id":"https:\/\/kaapskil.nl\/de\/pulverbuechse\/#primaryimage"},"image":{"@id":"https:\/\/kaapskil.nl\/de\/pulverbuechse\/#primaryimage"},"thumbnailUrl":"https:\/\/kaapskil.nl\/wp-content\/uploads\/2018\/06\/Kruitmaat-ws.jpg","datePublished":"2022-11-11T12:00:26+00:00","dateModified":"2022-11-13T09:36:39+00:00","description":"Pulverb\u00fcchse aus Holz und Leder, aufgetaucht in einem Schiffswrack aus dem siebzehnten Jahrhundert.","breadcrumb":{"@id":"https:\/\/kaapskil.nl\/de\/pulverbuechse\/#breadcrumb"},"inLanguage":"de-DE","potentialAction":[{"@type":"ReadAction","target":["https:\/\/kaapskil.nl\/de\/pulverbuechse\/"]}]},{"@type":"ImageObject","inLanguage":"de-DE","@id":"https:\/\/kaapskil.nl\/de\/pulverbuechse\/#primaryimage","url":"https:\/\/kaapskil.nl\/wp-content\/uploads\/2018\/06\/Kruitmaat-ws.jpg","contentUrl":"https:\/\/kaapskil.nl\/wp-content\/uploads\/2018\/06\/Kruitmaat-ws.jpg","width":640,"height":477,"caption":"Kruitmaatje bij Museum Kaap Skil"},{"@type":"BreadcrumbList","@id":"https:\/\/kaapskil.nl\/de\/pulverbuechse\/#breadcrumb","itemListElement":[{"@type":"ListItem","position":1,"name":"Home","item":"https:\/\/kaapskil.nl\/de\/"},{"@type":"ListItem","position":2,"name":"Pulverb\u00fcchse aus dem Palmholzwrack"}]},{"@type":"WebSite","@id":"https:\/\/kaapskil.nl\/#website","url":"https:\/\/kaapskil.nl\/","name":"Museum Kaap Skil","description":"Stichting Texels Museum","potentialAction":[{"@type":"SearchAction","target":{"@type":"EntryPoint","urlTemplate":"https:\/\/kaapskil.nl\/?s={search_term_string}"},"query-input":{"@type":"PropertyValueSpecification","valueRequired":true,"valueName":"search_term_string"}}],"inLanguage":"de-DE"}]}},"_links":{"self":[{"href":"https:\/\/kaapskil.nl\/de\/wp-json\/wp\/v2\/pages\/9837","targetHints":{"allow":["GET"]}}],"collection":[{"href":"https:\/\/kaapskil.nl\/de\/wp-json\/wp\/v2\/pages"}],"about":[{"href":"https:\/\/kaapskil.nl\/de\/wp-json\/wp\/v2\/types\/page"}],"author":[{"embeddable":true,"href":"https:\/\/kaapskil.nl\/de\/wp-json\/wp\/v2\/users\/16"}],"replies":[{"embeddable":true,"href":"https:\/\/kaapskil.nl\/de\/wp-json\/wp\/v2\/comments?post=9837"}],"version-history":[{"count":0,"href":"https:\/\/kaapskil.nl\/de\/wp-json\/wp\/v2\/pages\/9837\/revisions"}],"wp:featuredmedia":[{"embeddable":true,"href":"https:\/\/kaapskil.nl\/de\/wp-json\/wp\/v2\/media\/2619"}],"wp:attachment":[{"href":"https:\/\/kaapskil.nl\/de\/wp-json\/wp\/v2\/media?parent=9837"}],"wp:term":[{"taxonomy":"category","embeddable":true,"href":"https:\/\/kaapskil.nl\/de\/wp-json\/wp\/v2\/categories?post=9837"},{"taxonomy":"post_tag","embeddable":true,"href":"https:\/\/kaapskil.nl\/de\/wp-json\/wp\/v2\/tags?post=9837"}],"curies":[{"name":"wp","href":"https:\/\/api.w.org\/{rel}","templated":true}]}}