{"id":9913,"date":"2022-07-28T14:08:13","date_gmt":"2022-07-28T12:08:13","guid":{"rendered":"https:\/\/kaapskil.nl\/?page_id=9913"},"modified":"2022-11-03T13:53:49","modified_gmt":"2022-11-03T12:53:49","slug":"die-reede-von-texel","status":"publish","type":"page","link":"https:\/\/kaapskil.nl\/de\/die-reede-von-texel\/","title":{"rendered":"Die Reede von Texel"},"content":{"rendered":"<p><strong>Die Reede von Texel war Jahrhundertelang ein unverzichtbarer logistischer Knotenpunkt f\u00fcr die niederl\u00e4ndische Schiffahrt. Eine Reede ist ein mehr oder weniger gesch\u00fctzter Ort, an dem Schiffe vor Anker gehen, oft in einer Bucht oder im Windschatten einer K\u00fcste. Seit dem 15. Jahrhundert diente die Ostk\u00fcste von Texel als Reede, nachdem die Bucht von De Hors auf der S\u00fcdseite der Insel immer untiefer wurde.<\/strong><\/p>\n<h2>Die Reede von Texel<\/h2>\n<h2><img loading=\"lazy\" decoding=\"async\" class=\"alignright wp-image-9889\" src=\"https:\/\/kaapskil.nl\/wp-content\/uploads\/2022\/07\/Schilderij-Nederlandse-schepen-op-de-rede-van-Texel-Ludolf-Bakhuysen-1671-c-Rijksstudio-Rijksmuseum-ws.jpg\" alt=\"Reede van Texel\" width=\"640\" height=\"422\" srcset=\"https:\/\/kaapskil.nl\/wp-content\/uploads\/2022\/07\/Schilderij-Nederlandse-schepen-op-de-rede-van-Texel-Ludolf-Bakhuysen-1671-c-Rijksstudio-Rijksmuseum-ws.jpg 850w, https:\/\/kaapskil.nl\/wp-content\/uploads\/2022\/07\/Schilderij-Nederlandse-schepen-op-de-rede-van-Texel-Ludolf-Bakhuysen-1671-c-Rijksstudio-Rijksmuseum-ws-300x198.jpg 300w, https:\/\/kaapskil.nl\/wp-content\/uploads\/2022\/07\/Schilderij-Nederlandse-schepen-op-de-rede-van-Texel-Ludolf-Bakhuysen-1671-c-Rijksstudio-Rijksmuseum-ws-768x507.jpg 768w, https:\/\/kaapskil.nl\/wp-content\/uploads\/2022\/07\/Schilderij-Nederlandse-schepen-op-de-rede-van-Texel-Ludolf-Bakhuysen-1671-c-Rijksstudio-Rijksmuseum-ws-100x66.jpg 100w\" sizes=\"auto, (max-width: 640px) 100vw, 640px\" \/><\/h2>\n<p>Diese neue Reede van Texel erstreckte sich \u00fcber die gesamte K\u00fcste der Insel. Es war ein Sammelplatz f\u00fcr Schiffe, die von den K\u00fcstenst\u00e4dten der Zuiderzee zur Nordsee fahren wollten &#8211; oder umgekehrt. Die Zuiderzee hatte schon immer ein relativ flaches Fahrwasser. Da die Schiffe immer gr\u00f6\u00dfer und schwerer wurden, wurde es immer schwieriger, die Zuiderzee zu befahren. Die Reede von Texel wuchs daher zu dem Ort, an dem gro\u00dfe Schiffe be- und entladen wurden. Anschlie\u00dfend wurden kleinere Schiffe (Leichter) eingesetzt, um die Waren an ihren endg\u00fcltigen Bestimmungsort zu transportieren. Am Ende des sechzehnten Jahrhunderts begann der Handel zuzunehmen, was auch auf Texel zu beobachten war. Die Zahl der Schiffe, die die Reede nutzen, stieg betr\u00e4chtlich. Die Reede von Texel wurden zu einem wichtigen logistischen Knotenpunkt f\u00fcr den \u00dcberseehandel.<\/p>\n<h2>Betrieb<\/h2>\n<p>Historische Quellen berichten, dass manchmal Dutzende oder sogar mehr als hundert Schiffe gleichzeitig auf der Reede vor Anker lagen. Sie warteten auf Ladung und Vorr\u00e4te und auf einen guten Wind, um hinaus zu segeln. Es konnte vorkommen, dass Schiffe wochenlang, manchmal sogar monatelang auf der Reede lagen.<br \/>\nDie meisten dieser Schiffe waren in der europ\u00e4ischen K\u00fcstenschifffahrt aktiv. Es gab ein umfangreiches Handelsnetz, das sich von der Ostsee und Russland bis zur Levante und Syrien erstreckte. Au\u00dferdem befanden sich Flotten der Niederl\u00e4ndischen Ostindien-Kompanie (VOC) und der Niederl\u00e4ndischen Westindien-Kompanie (WIC) sowie Kriegsschiffe der niederl\u00e4ndischen Admiralit\u00e4t auf der Reede. Zwischen den Flotten fuhren kleinere Schiffe: Fischerboote, Schaluppen mit Besatzung, Lotsenboote und Leichter. Es muss ein sehr gesch\u00e4ftiges Spektakel gewesen sein, mit Hunderten von Menschen, die gleichzeitig arbeiteten. F\u00fcr die Bewohner von Texel war dies eine Zeit der Besch\u00e4ftigung und des Wohlstands.<\/p>\n<h2><img loading=\"lazy\" decoding=\"async\" class=\"alignright wp-image-9898\" src=\"https:\/\/kaapskil.nl\/wp-content\/uploads\/2022\/07\/Waterputten-MKS.jpg\" alt=\"Reede van Texel - waterputten\" width=\"640\" height=\"449\" srcset=\"https:\/\/kaapskil.nl\/wp-content\/uploads\/2022\/07\/Waterputten-MKS.jpg 840w, https:\/\/kaapskil.nl\/wp-content\/uploads\/2022\/07\/Waterputten-MKS-300x210.jpg 300w, https:\/\/kaapskil.nl\/wp-content\/uploads\/2022\/07\/Waterputten-MKS-768x539.jpg 768w, https:\/\/kaapskil.nl\/wp-content\/uploads\/2022\/07\/Waterputten-MKS-100x70.jpg 100w\" sizes=\"auto, (max-width: 640px) 100vw, 640px\" \/>Besonderes Wasser<\/h2>\n<p>Die Insel selbst spielte auch eine wichtige Rolle bei der Versorgung der Schiffe auf der Reede. Zwei Brunnen am Fu\u00dfe des Hoge Berg auf Texel wurden daf\u00fcr ger\u00fchmt, dass sie qualitativ hochwertiges Wasser in gro\u00dfen Mengen liefern konnten. Das Wasser aus diesen so genannten Waisenbrunnen &#8211; der Erl\u00f6s des Brunnenwassers ging an das Waisenhaus in Den Burg &#8211; war sehr eisenhaltig. Dadurch war das Wasser mehrere Monate l\u00e4nger trinkbar als &#8220;normales&#8221; Wasser.<\/p>\n<h2>Kein sicherer Hafen<\/h2>\n<p>Die Reede von Texel bot zwar recht viel Schutz, war aber nicht wirklich ein sicherer Hafen. Besonders schwere St\u00fcrme konnten f\u00fcr die Seeleute auf der Reede lebensbedrohlich sein. Es sind mehrere katastrophale Schiffsungl\u00fccke bekannt, bei denen Dutzende von Schiffen verloren gingen und Hunderte von Menschen ums Leben kamen. Bei schweren St\u00fcrmen konnten die Schiffe von ihren Ankern rei\u00dfen, wobei die Gefahr bestand, dass sie steuerlos miteinander kollidierten oder auf eine Sandbank aufliefen. Die Schiffe konnten dann recht schnell sinken. Um dies zu vermeiden, wurden zus\u00e4tzliche Anker ausgeworfen oder die Ankerleinen mit dem Lauf einer Kanone verst\u00e4rkt. Als letzter Ausweg wurden ganze Masten gekappt, um ein L\u00f6sen der Verankerungen und ein Stranden zu verhindern.<br \/>\nIm Laufe der Jahrhunderte sind sch\u00e4tzungsweise zwischen 500 und 1000 Schiffe auf und bei der Reede von Texel gesunken. Die meisten von ihnen sind komplett verloren gegangen. Seit den 1970er Jahren wurden jedoch etwa vierzig Schiffe &#8211; in unterschiedlichem Zustand &#8211; geborgen. Die meisten von ihnen sind seitdem, durch Erosion, trotzdem verschwunden.<\/p>\n<h2>Das Ende der Reede<\/h2>\n<p>In der zweiten H\u00e4lfte des achtzehnten Jahrhunderts kamen Handel und Schifffahrt praktisch zum Erliegen &#8211; auch auf Texel. Die niederl\u00e4ndische Wirtschaft wurde durch eine Reihe von Kriegen, die zum Teil auf See gef\u00fchrt wurden, und den schleichenden B\u00fcrgerkrieg zwischen Patrioten und Orangisten gel\u00e4hmt. In der anschlie\u00dfenden franz\u00f6sischen Periode gelang es nicht mehr, den Handel und damit die Reede zu f\u00f6rdern. Mit der Er\u00f6ffnung des Nord-Holland-Kanals (1824) musste man nicht mehr \u00fcber die l\u00e4stige Zuiderzee fahren, sondern konnte direkt von Amsterdam nach Den Helder segeln. Die \u00c4ra der Reede von Texel war f\u00fcr immer vorbei.<\/p>\n","protected":false},"excerpt":{"rendered":"<p>Die Reede von Texel war Jahrhundertelang ein unverzichtbarer logistischer Knotenpunkt f\u00fcr die niederl\u00e4ndische Schiffahrt.<\/p>\n","protected":false},"author":29,"featured_media":1111,"parent":0,"menu_order":0,"comment_status":"closed","ping_status":"closed","template":"page-templates\/detail.php","meta":{"_acf_changed":false,"footnotes":""},"categories":[],"tags":[44],"class_list":["post-9913","page","type-page","status-publish","has-post-thumbnail","hentry","tag-palmholzwrack"],"acf":[],"yoast_head":"<!-- This site is optimized with the Yoast SEO plugin v27.3 - https:\/\/yoast.com\/product\/yoast-seo-wordpress\/ -->\n<title>Die Reede von Texel - Museum Kaap Skil<\/title>\n<meta name=\"description\" content=\"Die Reede von Texel war Jahrhundertelang ein unverzichtbarer logistischer Knotenpunkt f\u00fcr die niederl\u00e4ndische Schiffahrt.\" \/>\n<meta name=\"robots\" content=\"index, follow, max-snippet:-1, max-image-preview:large, max-video-preview:-1\" \/>\n<link rel=\"canonical\" href=\"https:\/\/kaapskil.nl\/de\/die-reede-von-texel\/\" \/>\n<meta property=\"og:locale\" content=\"de_DE\" \/>\n<meta property=\"og:type\" content=\"article\" \/>\n<meta property=\"og:title\" content=\"Die Reede von Texel - Museum Kaap Skil\" \/>\n<meta property=\"og:description\" content=\"Die Reede von Texel war Jahrhundertelang ein unverzichtbarer logistischer Knotenpunkt f\u00fcr die niederl\u00e4ndische Schiffahrt.\" \/>\n<meta property=\"og:url\" content=\"https:\/\/kaapskil.nl\/de\/die-reede-von-texel\/\" \/>\n<meta property=\"og:site_name\" content=\"Museum Kaap Skil\" \/>\n<meta property=\"article:modified_time\" content=\"2022-11-03T12:53:49+00:00\" \/>\n<meta property=\"og:image\" content=\"https:\/\/kaapskil.nl\/wp-content\/uploads\/2018\/03\/detail-De-Rede-van-Texel-door-Johan-Reydon-2.jpg\" \/>\n\t<meta property=\"og:image:width\" content=\"640\" \/>\n\t<meta property=\"og:image:height\" content=\"477\" \/>\n\t<meta property=\"og:image:type\" content=\"image\/jpeg\" \/>\n<meta name=\"twitter:card\" content=\"summary_large_image\" \/>\n<meta name=\"twitter:label1\" content=\"Est. reading time\" \/>\n\t<meta name=\"twitter:data1\" content=\"4 minutes\" \/>\n<script type=\"application\/ld+json\" class=\"yoast-schema-graph\">{\"@context\":\"https:\\\/\\\/schema.org\",\"@graph\":[{\"@type\":\"WebPage\",\"@id\":\"https:\\\/\\\/kaapskil.nl\\\/de\\\/die-reede-von-texel\\\/\",\"url\":\"https:\\\/\\\/kaapskil.nl\\\/de\\\/die-reede-von-texel\\\/\",\"name\":\"Die Reede von Texel - Museum Kaap Skil\",\"isPartOf\":{\"@id\":\"https:\\\/\\\/kaapskil.nl\\\/#website\"},\"primaryImageOfPage\":{\"@id\":\"https:\\\/\\\/kaapskil.nl\\\/de\\\/die-reede-von-texel\\\/#primaryimage\"},\"image\":{\"@id\":\"https:\\\/\\\/kaapskil.nl\\\/de\\\/die-reede-von-texel\\\/#primaryimage\"},\"thumbnailUrl\":\"https:\\\/\\\/kaapskil.nl\\\/wp-content\\\/uploads\\\/2018\\\/03\\\/detail-De-Rede-van-Texel-door-Johan-Reydon-2.jpg\",\"datePublished\":\"2022-07-28T12:08:13+00:00\",\"dateModified\":\"2022-11-03T12:53:49+00:00\",\"description\":\"Die Reede von Texel war Jahrhundertelang ein unverzichtbarer logistischer Knotenpunkt f\u00fcr die niederl\u00e4ndische Schiffahrt.\",\"breadcrumb\":{\"@id\":\"https:\\\/\\\/kaapskil.nl\\\/de\\\/die-reede-von-texel\\\/#breadcrumb\"},\"inLanguage\":\"de-DE\",\"potentialAction\":[{\"@type\":\"ReadAction\",\"target\":[\"https:\\\/\\\/kaapskil.nl\\\/de\\\/die-reede-von-texel\\\/\"]}]},{\"@type\":\"ImageObject\",\"inLanguage\":\"de-DE\",\"@id\":\"https:\\\/\\\/kaapskil.nl\\\/de\\\/die-reede-von-texel\\\/#primaryimage\",\"url\":\"https:\\\/\\\/kaapskil.nl\\\/wp-content\\\/uploads\\\/2018\\\/03\\\/detail-De-Rede-van-Texel-door-Johan-Reydon-2.jpg\",\"contentUrl\":\"https:\\\/\\\/kaapskil.nl\\\/wp-content\\\/uploads\\\/2018\\\/03\\\/detail-De-Rede-van-Texel-door-Johan-Reydon-2.jpg\",\"width\":640,\"height\":477},{\"@type\":\"BreadcrumbList\",\"@id\":\"https:\\\/\\\/kaapskil.nl\\\/de\\\/die-reede-von-texel\\\/#breadcrumb\",\"itemListElement\":[{\"@type\":\"ListItem\",\"position\":1,\"name\":\"Home\",\"item\":\"https:\\\/\\\/kaapskil.nl\\\/de\\\/\"},{\"@type\":\"ListItem\",\"position\":2,\"name\":\"Die Reede von Texel\"}]},{\"@type\":\"WebSite\",\"@id\":\"https:\\\/\\\/kaapskil.nl\\\/#website\",\"url\":\"https:\\\/\\\/kaapskil.nl\\\/\",\"name\":\"Museum Kaap Skil\",\"description\":\"Stichting Texels Museum\",\"potentialAction\":[{\"@type\":\"SearchAction\",\"target\":{\"@type\":\"EntryPoint\",\"urlTemplate\":\"https:\\\/\\\/kaapskil.nl\\\/?s={search_term_string}\"},\"query-input\":{\"@type\":\"PropertyValueSpecification\",\"valueRequired\":true,\"valueName\":\"search_term_string\"}}],\"inLanguage\":\"de-DE\"}]}<\/script>\n<!-- \/ Yoast SEO plugin. -->","yoast_head_json":{"title":"Die Reede von Texel - Museum Kaap Skil","description":"Die Reede von Texel war Jahrhundertelang ein unverzichtbarer logistischer Knotenpunkt f\u00fcr die niederl\u00e4ndische Schiffahrt.","robots":{"index":"index","follow":"follow","max-snippet":"max-snippet:-1","max-image-preview":"max-image-preview:large","max-video-preview":"max-video-preview:-1"},"canonical":"https:\/\/kaapskil.nl\/de\/die-reede-von-texel\/","og_locale":"de_DE","og_type":"article","og_title":"Die Reede von Texel - Museum Kaap Skil","og_description":"Die Reede von Texel war Jahrhundertelang ein unverzichtbarer logistischer Knotenpunkt f\u00fcr die niederl\u00e4ndische Schiffahrt.","og_url":"https:\/\/kaapskil.nl\/de\/die-reede-von-texel\/","og_site_name":"Museum Kaap Skil","article_modified_time":"2022-11-03T12:53:49+00:00","og_image":[{"width":640,"height":477,"url":"https:\/\/kaapskil.nl\/wp-content\/uploads\/2018\/03\/detail-De-Rede-van-Texel-door-Johan-Reydon-2.jpg","type":"image\/jpeg"}],"twitter_card":"summary_large_image","twitter_misc":{"Est. reading time":"4 minutes"},"schema":{"@context":"https:\/\/schema.org","@graph":[{"@type":"WebPage","@id":"https:\/\/kaapskil.nl\/de\/die-reede-von-texel\/","url":"https:\/\/kaapskil.nl\/de\/die-reede-von-texel\/","name":"Die Reede von Texel - Museum Kaap Skil","isPartOf":{"@id":"https:\/\/kaapskil.nl\/#website"},"primaryImageOfPage":{"@id":"https:\/\/kaapskil.nl\/de\/die-reede-von-texel\/#primaryimage"},"image":{"@id":"https:\/\/kaapskil.nl\/de\/die-reede-von-texel\/#primaryimage"},"thumbnailUrl":"https:\/\/kaapskil.nl\/wp-content\/uploads\/2018\/03\/detail-De-Rede-van-Texel-door-Johan-Reydon-2.jpg","datePublished":"2022-07-28T12:08:13+00:00","dateModified":"2022-11-03T12:53:49+00:00","description":"Die Reede von Texel war Jahrhundertelang ein unverzichtbarer logistischer Knotenpunkt f\u00fcr die niederl\u00e4ndische Schiffahrt.","breadcrumb":{"@id":"https:\/\/kaapskil.nl\/de\/die-reede-von-texel\/#breadcrumb"},"inLanguage":"de-DE","potentialAction":[{"@type":"ReadAction","target":["https:\/\/kaapskil.nl\/de\/die-reede-von-texel\/"]}]},{"@type":"ImageObject","inLanguage":"de-DE","@id":"https:\/\/kaapskil.nl\/de\/die-reede-von-texel\/#primaryimage","url":"https:\/\/kaapskil.nl\/wp-content\/uploads\/2018\/03\/detail-De-Rede-van-Texel-door-Johan-Reydon-2.jpg","contentUrl":"https:\/\/kaapskil.nl\/wp-content\/uploads\/2018\/03\/detail-De-Rede-van-Texel-door-Johan-Reydon-2.jpg","width":640,"height":477},{"@type":"BreadcrumbList","@id":"https:\/\/kaapskil.nl\/de\/die-reede-von-texel\/#breadcrumb","itemListElement":[{"@type":"ListItem","position":1,"name":"Home","item":"https:\/\/kaapskil.nl\/de\/"},{"@type":"ListItem","position":2,"name":"Die Reede von Texel"}]},{"@type":"WebSite","@id":"https:\/\/kaapskil.nl\/#website","url":"https:\/\/kaapskil.nl\/","name":"Museum Kaap Skil","description":"Stichting Texels Museum","potentialAction":[{"@type":"SearchAction","target":{"@type":"EntryPoint","urlTemplate":"https:\/\/kaapskil.nl\/?s={search_term_string}"},"query-input":{"@type":"PropertyValueSpecification","valueRequired":true,"valueName":"search_term_string"}}],"inLanguage":"de-DE"}]}},"_links":{"self":[{"href":"https:\/\/kaapskil.nl\/de\/wp-json\/wp\/v2\/pages\/9913","targetHints":{"allow":["GET"]}}],"collection":[{"href":"https:\/\/kaapskil.nl\/de\/wp-json\/wp\/v2\/pages"}],"about":[{"href":"https:\/\/kaapskil.nl\/de\/wp-json\/wp\/v2\/types\/page"}],"author":[{"embeddable":true,"href":"https:\/\/kaapskil.nl\/de\/wp-json\/wp\/v2\/users\/29"}],"replies":[{"embeddable":true,"href":"https:\/\/kaapskil.nl\/de\/wp-json\/wp\/v2\/comments?post=9913"}],"version-history":[{"count":0,"href":"https:\/\/kaapskil.nl\/de\/wp-json\/wp\/v2\/pages\/9913\/revisions"}],"wp:featuredmedia":[{"embeddable":true,"href":"https:\/\/kaapskil.nl\/de\/wp-json\/wp\/v2\/media\/1111"}],"wp:attachment":[{"href":"https:\/\/kaapskil.nl\/de\/wp-json\/wp\/v2\/media?parent=9913"}],"wp:term":[{"taxonomy":"category","embeddable":true,"href":"https:\/\/kaapskil.nl\/de\/wp-json\/wp\/v2\/categories?post=9913"},{"taxonomy":"post_tag","embeddable":true,"href":"https:\/\/kaapskil.nl\/de\/wp-json\/wp\/v2\/tags?post=9913"}],"curies":[{"name":"wp","href":"https:\/\/api.w.org\/{rel}","templated":true}]}}