{"id":9962,"date":"2022-07-28T10:37:14","date_gmt":"2022-07-28T08:37:14","guid":{"rendered":"https:\/\/kaapskil.nl\/entdecken\/ausstellungen\/archeolab\/"},"modified":"2023-03-27T12:41:22","modified_gmt":"2023-03-27T10:41:22","slug":"archaeolab","status":"publish","type":"page","link":"https:\/\/kaapskil.nl\/de\/entdecken\/ausstellungen\/archaeolab\/","title":{"rendered":"Arch\u00e4olab"},"content":{"rendered":"<p><strong><img loading=\"lazy\" decoding=\"async\" class=\"alignright wp-image-10047\" src=\"https:\/\/kaapskil.nl\/wp-content\/uploads\/2022\/08\/Wytze-close-P1040695.jpg\" alt=\"Archeolab-Museum Kaap Skil\" width=\"650\" height=\"406\" srcset=\"https:\/\/kaapskil.nl\/wp-content\/uploads\/2022\/08\/Wytze-close-P1040695.jpg 2058w, https:\/\/kaapskil.nl\/wp-content\/uploads\/2022\/08\/Wytze-close-P1040695-300x187.jpg 300w, https:\/\/kaapskil.nl\/wp-content\/uploads\/2022\/08\/Wytze-close-P1040695-1024x640.jpg 1024w, https:\/\/kaapskil.nl\/wp-content\/uploads\/2022\/08\/Wytze-close-P1040695-768x480.jpg 768w, https:\/\/kaapskil.nl\/wp-content\/uploads\/2022\/08\/Wytze-close-P1040695-1536x960.jpg 1536w, https:\/\/kaapskil.nl\/wp-content\/uploads\/2022\/08\/Wytze-close-P1040695-2048x1280.jpg 2048w, https:\/\/kaapskil.nl\/wp-content\/uploads\/2022\/08\/Wytze-close-P1040695-100x62.jpg 100w\" sizes=\"auto, (max-width: 650px) 100vw, 650px\" \/>Arch\u00e4ologische Unterwasserfunde sind, wenn sie aus dem Schlick kommen, sehr empfindlich. Wenn sie Licht, Sauerstoff, Temperaturschwankungen und Menschen ausgesetzt sind, k\u00f6nnen sie sich in kurzer Zeit aufl\u00f6sen.<\/strong><\/p>\n<h2>Konservierung<\/h2>\n<p>In diesem Raum werden die Objekte registriert und die ersten Konservierungsma\u00dfnahmen durchgef\u00fchrt. Sie werden in S\u00fc\u00dfwasser entsalzt, impr\u00e4gniert und die Scherben werden zusammengeklebt. Manchmal ist hier ein Kurator oder Mitarbeiter der Sammlung bei der Arbeit.<\/p>\n","protected":false},"excerpt":{"rendered":"<p>Im Arch\u00e4olab werden die Objekte registriert und die ersten Konservierungsma\u00dfnahmen durchgef\u00fchrt. Manchmal ist hier ein Kurator oder Mitarbeiter der Sammlung bei der Arbeit.<\/p>\n","protected":false},"author":16,"featured_media":9952,"parent":339,"menu_order":4,"comment_status":"closed","ping_status":"closed","template":"page-templates\/detail.php","meta":{"_acf_changed":false,"footnotes":""},"categories":[],"tags":[],"class_list":["post-9962","page","type-page","status-publish","has-post-thumbnail","hentry"],"acf":[],"yoast_head":"<!-- This site is optimized with the Yoast SEO plugin v27.3 - https:\/\/yoast.com\/product\/yoast-seo-wordpress\/ -->\n<title>Arch\u00e4olab - Museum Kaap Skil<\/title>\n<meta name=\"description\" content=\"Im Arch\u00e4olab werden die Objekte registriert und die ersten Konservierungsma\u00dfnahmen durchgef\u00fchrt. Manchmal ist hier ein Kurator oder Mitarbeiter der Sammlung bei der Arbeit.\" \/>\n<meta name=\"robots\" content=\"index, follow, max-snippet:-1, max-image-preview:large, max-video-preview:-1\" \/>\n<link rel=\"canonical\" href=\"https:\/\/kaapskil.nl\/de\/entdecken\/ausstellungen\/archaeolab\/\" \/>\n<meta property=\"og:locale\" content=\"de_DE\" \/>\n<meta property=\"og:type\" content=\"article\" \/>\n<meta property=\"og:title\" content=\"Arch\u00e4olab - Museum Kaap Skil\" \/>\n<meta property=\"og:description\" content=\"Im Arch\u00e4olab werden die Objekte registriert und die ersten Konservierungsma\u00dfnahmen durchgef\u00fchrt. Manchmal ist hier ein Kurator oder Mitarbeiter der Sammlung bei der Arbeit.\" \/>\n<meta property=\"og:url\" content=\"https:\/\/kaapskil.nl\/de\/entdecken\/ausstellungen\/archaeolab\/\" \/>\n<meta property=\"og:site_name\" content=\"Museum Kaap Skil\" \/>\n<meta property=\"article:modified_time\" content=\"2023-03-27T10:41:22+00:00\" \/>\n<meta property=\"og:image\" content=\"https:\/\/kaapskil.nl\/wp-content\/uploads\/2022\/07\/Archeolab-Manon-en-Anita-IMG_5603.jpg\" \/>\n\t<meta property=\"og:image:width\" content=\"844\" \/>\n\t<meta property=\"og:image:height\" content=\"521\" \/>\n\t<meta property=\"og:image:type\" content=\"image\/jpeg\" \/>\n<meta name=\"twitter:card\" content=\"summary_large_image\" \/>\n<meta name=\"twitter:label1\" content=\"Est. reading time\" \/>\n\t<meta name=\"twitter:data1\" content=\"1 minute\" \/>\n<script type=\"application\/ld+json\" class=\"yoast-schema-graph\">{\"@context\":\"https:\\\/\\\/schema.org\",\"@graph\":[{\"@type\":\"WebPage\",\"@id\":\"https:\\\/\\\/kaapskil.nl\\\/de\\\/entdecken\\\/ausstellungen\\\/archaeolab\\\/\",\"url\":\"https:\\\/\\\/kaapskil.nl\\\/de\\\/entdecken\\\/ausstellungen\\\/archaeolab\\\/\",\"name\":\"Arch\u00e4olab - Museum Kaap Skil\",\"isPartOf\":{\"@id\":\"https:\\\/\\\/kaapskil.nl\\\/#website\"},\"primaryImageOfPage\":{\"@id\":\"https:\\\/\\\/kaapskil.nl\\\/de\\\/entdecken\\\/ausstellungen\\\/archaeolab\\\/#primaryimage\"},\"image\":{\"@id\":\"https:\\\/\\\/kaapskil.nl\\\/de\\\/entdecken\\\/ausstellungen\\\/archaeolab\\\/#primaryimage\"},\"thumbnailUrl\":\"https:\\\/\\\/kaapskil.nl\\\/wp-content\\\/uploads\\\/2022\\\/07\\\/Archeolab-Manon-en-Anita-IMG_5603.jpg\",\"datePublished\":\"2022-07-28T08:37:14+00:00\",\"dateModified\":\"2023-03-27T10:41:22+00:00\",\"description\":\"Im Arch\u00e4olab werden die Objekte registriert und die ersten Konservierungsma\u00dfnahmen durchgef\u00fchrt. Manchmal ist hier ein Kurator oder Mitarbeiter der Sammlung bei der Arbeit.\",\"breadcrumb\":{\"@id\":\"https:\\\/\\\/kaapskil.nl\\\/de\\\/entdecken\\\/ausstellungen\\\/archaeolab\\\/#breadcrumb\"},\"inLanguage\":\"de-DE\",\"potentialAction\":[{\"@type\":\"ReadAction\",\"target\":[\"https:\\\/\\\/kaapskil.nl\\\/de\\\/entdecken\\\/ausstellungen\\\/archaeolab\\\/\"]}]},{\"@type\":\"ImageObject\",\"inLanguage\":\"de-DE\",\"@id\":\"https:\\\/\\\/kaapskil.nl\\\/de\\\/entdecken\\\/ausstellungen\\\/archaeolab\\\/#primaryimage\",\"url\":\"https:\\\/\\\/kaapskil.nl\\\/wp-content\\\/uploads\\\/2022\\\/07\\\/Archeolab-Manon-en-Anita-IMG_5603.jpg\",\"contentUrl\":\"https:\\\/\\\/kaapskil.nl\\\/wp-content\\\/uploads\\\/2022\\\/07\\\/Archeolab-Manon-en-Anita-IMG_5603.jpg\",\"width\":844,\"height\":521,\"caption\":\"Archeolab-Museum Kaap Skil\"},{\"@type\":\"BreadcrumbList\",\"@id\":\"https:\\\/\\\/kaapskil.nl\\\/de\\\/entdecken\\\/ausstellungen\\\/archaeolab\\\/#breadcrumb\",\"itemListElement\":[{\"@type\":\"ListItem\",\"position\":1,\"name\":\"Home\",\"item\":\"https:\\\/\\\/kaapskil.nl\\\/de\\\/\"},{\"@type\":\"ListItem\",\"position\":2,\"name\":\"Entdecken\",\"item\":\"https:\\\/\\\/kaapskil.nl\\\/de\\\/entdecken\\\/\"},{\"@type\":\"ListItem\",\"position\":3,\"name\":\"Ausstellungen\",\"item\":\"https:\\\/\\\/kaapskil.nl\\\/de\\\/entdecken\\\/ausstellungen\\\/\"},{\"@type\":\"ListItem\",\"position\":4,\"name\":\"Arch\u00e4olab\"}]},{\"@type\":\"WebSite\",\"@id\":\"https:\\\/\\\/kaapskil.nl\\\/#website\",\"url\":\"https:\\\/\\\/kaapskil.nl\\\/\",\"name\":\"Museum Kaap Skil\",\"description\":\"Stichting Texels Museum\",\"potentialAction\":[{\"@type\":\"SearchAction\",\"target\":{\"@type\":\"EntryPoint\",\"urlTemplate\":\"https:\\\/\\\/kaapskil.nl\\\/?s={search_term_string}\"},\"query-input\":{\"@type\":\"PropertyValueSpecification\",\"valueRequired\":true,\"valueName\":\"search_term_string\"}}],\"inLanguage\":\"de-DE\"}]}<\/script>\n<!-- \/ Yoast SEO plugin. -->","yoast_head_json":{"title":"Arch\u00e4olab - Museum Kaap Skil","description":"Im Arch\u00e4olab werden die Objekte registriert und die ersten Konservierungsma\u00dfnahmen durchgef\u00fchrt. Manchmal ist hier ein Kurator oder Mitarbeiter der Sammlung bei der Arbeit.","robots":{"index":"index","follow":"follow","max-snippet":"max-snippet:-1","max-image-preview":"max-image-preview:large","max-video-preview":"max-video-preview:-1"},"canonical":"https:\/\/kaapskil.nl\/de\/entdecken\/ausstellungen\/archaeolab\/","og_locale":"de_DE","og_type":"article","og_title":"Arch\u00e4olab - Museum Kaap Skil","og_description":"Im Arch\u00e4olab werden die Objekte registriert und die ersten Konservierungsma\u00dfnahmen durchgef\u00fchrt. Manchmal ist hier ein Kurator oder Mitarbeiter der Sammlung bei der Arbeit.","og_url":"https:\/\/kaapskil.nl\/de\/entdecken\/ausstellungen\/archaeolab\/","og_site_name":"Museum Kaap Skil","article_modified_time":"2023-03-27T10:41:22+00:00","og_image":[{"width":844,"height":521,"url":"https:\/\/kaapskil.nl\/wp-content\/uploads\/2022\/07\/Archeolab-Manon-en-Anita-IMG_5603.jpg","type":"image\/jpeg"}],"twitter_card":"summary_large_image","twitter_misc":{"Est. reading time":"1 minute"},"schema":{"@context":"https:\/\/schema.org","@graph":[{"@type":"WebPage","@id":"https:\/\/kaapskil.nl\/de\/entdecken\/ausstellungen\/archaeolab\/","url":"https:\/\/kaapskil.nl\/de\/entdecken\/ausstellungen\/archaeolab\/","name":"Arch\u00e4olab - Museum Kaap Skil","isPartOf":{"@id":"https:\/\/kaapskil.nl\/#website"},"primaryImageOfPage":{"@id":"https:\/\/kaapskil.nl\/de\/entdecken\/ausstellungen\/archaeolab\/#primaryimage"},"image":{"@id":"https:\/\/kaapskil.nl\/de\/entdecken\/ausstellungen\/archaeolab\/#primaryimage"},"thumbnailUrl":"https:\/\/kaapskil.nl\/wp-content\/uploads\/2022\/07\/Archeolab-Manon-en-Anita-IMG_5603.jpg","datePublished":"2022-07-28T08:37:14+00:00","dateModified":"2023-03-27T10:41:22+00:00","description":"Im Arch\u00e4olab werden die Objekte registriert und die ersten Konservierungsma\u00dfnahmen durchgef\u00fchrt. Manchmal ist hier ein Kurator oder Mitarbeiter der Sammlung bei der Arbeit.","breadcrumb":{"@id":"https:\/\/kaapskil.nl\/de\/entdecken\/ausstellungen\/archaeolab\/#breadcrumb"},"inLanguage":"de-DE","potentialAction":[{"@type":"ReadAction","target":["https:\/\/kaapskil.nl\/de\/entdecken\/ausstellungen\/archaeolab\/"]}]},{"@type":"ImageObject","inLanguage":"de-DE","@id":"https:\/\/kaapskil.nl\/de\/entdecken\/ausstellungen\/archaeolab\/#primaryimage","url":"https:\/\/kaapskil.nl\/wp-content\/uploads\/2022\/07\/Archeolab-Manon-en-Anita-IMG_5603.jpg","contentUrl":"https:\/\/kaapskil.nl\/wp-content\/uploads\/2022\/07\/Archeolab-Manon-en-Anita-IMG_5603.jpg","width":844,"height":521,"caption":"Archeolab-Museum Kaap Skil"},{"@type":"BreadcrumbList","@id":"https:\/\/kaapskil.nl\/de\/entdecken\/ausstellungen\/archaeolab\/#breadcrumb","itemListElement":[{"@type":"ListItem","position":1,"name":"Home","item":"https:\/\/kaapskil.nl\/de\/"},{"@type":"ListItem","position":2,"name":"Entdecken","item":"https:\/\/kaapskil.nl\/de\/entdecken\/"},{"@type":"ListItem","position":3,"name":"Ausstellungen","item":"https:\/\/kaapskil.nl\/de\/entdecken\/ausstellungen\/"},{"@type":"ListItem","position":4,"name":"Arch\u00e4olab"}]},{"@type":"WebSite","@id":"https:\/\/kaapskil.nl\/#website","url":"https:\/\/kaapskil.nl\/","name":"Museum Kaap Skil","description":"Stichting Texels Museum","potentialAction":[{"@type":"SearchAction","target":{"@type":"EntryPoint","urlTemplate":"https:\/\/kaapskil.nl\/?s={search_term_string}"},"query-input":{"@type":"PropertyValueSpecification","valueRequired":true,"valueName":"search_term_string"}}],"inLanguage":"de-DE"}]}},"_links":{"self":[{"href":"https:\/\/kaapskil.nl\/de\/wp-json\/wp\/v2\/pages\/9962","targetHints":{"allow":["GET"]}}],"collection":[{"href":"https:\/\/kaapskil.nl\/de\/wp-json\/wp\/v2\/pages"}],"about":[{"href":"https:\/\/kaapskil.nl\/de\/wp-json\/wp\/v2\/types\/page"}],"author":[{"embeddable":true,"href":"https:\/\/kaapskil.nl\/de\/wp-json\/wp\/v2\/users\/16"}],"replies":[{"embeddable":true,"href":"https:\/\/kaapskil.nl\/de\/wp-json\/wp\/v2\/comments?post=9962"}],"version-history":[{"count":0,"href":"https:\/\/kaapskil.nl\/de\/wp-json\/wp\/v2\/pages\/9962\/revisions"}],"up":[{"embeddable":true,"href":"https:\/\/kaapskil.nl\/de\/wp-json\/wp\/v2\/pages\/339"}],"wp:featuredmedia":[{"embeddable":true,"href":"https:\/\/kaapskil.nl\/de\/wp-json\/wp\/v2\/media\/9952"}],"wp:attachment":[{"href":"https:\/\/kaapskil.nl\/de\/wp-json\/wp\/v2\/media?parent=9962"}],"wp:term":[{"taxonomy":"category","embeddable":true,"href":"https:\/\/kaapskil.nl\/de\/wp-json\/wp\/v2\/categories?post=9962"},{"taxonomy":"post_tag","embeddable":true,"href":"https:\/\/kaapskil.nl\/de\/wp-json\/wp\/v2\/tags?post=9962"}],"curies":[{"name":"wp","href":"https:\/\/api.w.org\/{rel}","templated":true}]}}